{"id":810,"date":"2018-10-29T13:35:52","date_gmt":"2018-10-29T11:35:52","guid":{"rendered":"https:\/\/possoftservice.net\/?page_id=810"},"modified":"2018-11-02T14:47:46","modified_gmt":"2018-11-02T12:47:46","slug":"nossos-sistemas","status":"publish","type":"page","link":"https:\/\/possoftservice.net\/?page_id=810","title":{"rendered":"Nossos Sistemas"},"content":{"rendered":"\t\t<div data-elementor-type=\"wp-post\" data-elementor-id=\"810\" class=\"elementor elementor-810 elementor-bc-flex-widget\">\n\t\t\t\t\t\t<section class=\"elementor-section elementor-top-section elementor-element elementor-element-1132a32 elementor-section-stretched elementor-section-boxed elementor-section-height-default elementor-section-height-default\" data-id=\"1132a32\" data-element_type=\"section\" data-e-type=\"section\" data-settings=\"{&quot;stretch_section&quot;:&quot;section-stretched&quot;}\">\n\t\t\t\t\t\t<div class=\"elementor-container elementor-column-gap-default\">\n\t\t\t\t\t<div class=\"elementor-column elementor-col-100 elementor-top-column elementor-element elementor-element-aa835b5\" data-id=\"aa835b5\" data-element_type=\"column\" data-e-type=\"column\">\n\t\t\t<div class=\"elementor-widget-wrap elementor-element-populated\">\n\t\t\t\t\t\t<div class=\"elementor-element elementor-element-b2ca7b7 elementor-widget elementor-widget-spacer\" data-id=\"b2ca7b7\" data-element_type=\"widget\" data-e-type=\"widget\" data-widget_type=\"spacer.default\">\n\t\t\t\t<div class=\"elementor-widget-container\">\n\t\t\t\t\t\t\t<div class=\"elementor-spacer\">\n\t\t\t<div class=\"elementor-spacer-inner\"><\/div>\n\t\t<\/div>\n\t\t\t\t\t\t<\/div>\n\t\t\t\t<\/div>\n\t\t\t\t<div class=\"elementor-element elementor-element-d325f29 elementor-widget elementor-widget-heading\" data-id=\"d325f29\" data-element_type=\"widget\" data-e-type=\"widget\" data-widget_type=\"heading.default\">\n\t\t\t\t<div class=\"elementor-widget-container\">\n\t\t\t\t\t<h2 class=\"elementor-heading-title elementor-size-default\">Alguns dos Nossos Sistemas<\/h2>\t\t\t\t<\/div>\n\t\t\t\t<\/div>\n\t\t\t\t<div class=\"elementor-element elementor-element-70fac8d elementor-widget-divider--view-line elementor-widget elementor-widget-divider\" data-id=\"70fac8d\" data-element_type=\"widget\" data-e-type=\"widget\" data-widget_type=\"divider.default\">\n\t\t\t\t<div class=\"elementor-widget-container\">\n\t\t\t\t\t\t\t<div class=\"elementor-divider\">\n\t\t\t<span class=\"elementor-divider-separator\">\n\t\t\t\t\t\t<\/span>\n\t\t<\/div>\n\t\t\t\t\t\t<\/div>\n\t\t\t\t<\/div>\n\t\t\t\t\t<\/div>\n\t\t<\/div>\n\t\t\t\t\t<\/div>\n\t\t<\/section>\n\t\t\t\t<section class=\"elementor-section elementor-top-section elementor-element elementor-element-d55ebf7 elementor-section-stretched elementor-section-boxed elementor-section-height-default elementor-section-height-default\" data-id=\"d55ebf7\" data-element_type=\"section\" data-e-type=\"section\" data-settings=\"{&quot;stretch_section&quot;:&quot;section-stretched&quot;}\">\n\t\t\t\t\t\t<div class=\"elementor-container elementor-column-gap-default\">\n\t\t\t\t\t<div class=\"elementor-column elementor-col-50 elementor-top-column elementor-element elementor-element-1cb51a0\" data-id=\"1cb51a0\" data-element_type=\"column\" data-e-type=\"column\">\n\t\t\t<div class=\"elementor-widget-wrap elementor-element-populated\">\n\t\t\t\t\t\t<div class=\"elementor-element elementor-element-a604b4f elementor-widget elementor-widget-heading\" data-id=\"a604b4f\" data-element_type=\"widget\" data-e-type=\"widget\" data-widget_type=\"heading.default\">\n\t\t\t\t<div class=\"elementor-widget-container\">\n\t\t\t\t\t<h2 class=\"elementor-heading-title elementor-size-default\">Caixa chromis POS<\/h2>\t\t\t\t<\/div>\n\t\t\t\t<\/div>\n\t\t\t\t<div class=\"elementor-element elementor-element-70924d4 elementor-widget elementor-widget-image\" data-id=\"70924d4\" data-element_type=\"widget\" data-e-type=\"widget\" data-widget_type=\"image.default\">\n\t\t\t\t<div class=\"elementor-widget-container\">\n\t\t\t\t\t\t\t\t\t\t\t\t\t\t\t<img fetchpriority=\"high\" decoding=\"async\" width=\"750\" height=\"543\" src=\"https:\/\/possoftservice.net\/wp-content\/uploads\/2018\/10\/2018-03-16-11_27_28-Anunciar-e-Vender-no-OLX-Opera.jpg-1024x741.png\" class=\"attachment-large size-large wp-image-815\" alt=\"Caixa-Crhomis POS\" srcset=\"https:\/\/possoftservice.net\/wp-content\/uploads\/2018\/10\/2018-03-16-11_27_28-Anunciar-e-Vender-no-OLX-Opera.jpg-1024x741.png 1024w, https:\/\/possoftservice.net\/wp-content\/uploads\/2018\/10\/2018-03-16-11_27_28-Anunciar-e-Vender-no-OLX-Opera.jpg-600x434.png 600w, https:\/\/possoftservice.net\/wp-content\/uploads\/2018\/10\/2018-03-16-11_27_28-Anunciar-e-Vender-no-OLX-Opera.jpg-300x217.png 300w, https:\/\/possoftservice.net\/wp-content\/uploads\/2018\/10\/2018-03-16-11_27_28-Anunciar-e-Vender-no-OLX-Opera.jpg-768x556.png 768w, https:\/\/possoftservice.net\/wp-content\/uploads\/2018\/10\/2018-03-16-11_27_28-Anunciar-e-Vender-no-OLX-Opera.jpg.png 1034w\" sizes=\"(max-width: 750px) 100vw, 750px\" \/>\t\t\t\t\t\t\t\t\t\t\t\t\t\t\t<\/div>\n\t\t\t\t<\/div>\n\t\t\t\t<div class=\"elementor-element elementor-element-80d3b8c elementor-widget elementor-widget-toggle\" data-id=\"80d3b8c\" data-element_type=\"widget\" data-e-type=\"widget\" data-widget_type=\"toggle.default\">\n\t\t\t\t<div class=\"elementor-widget-container\">\n\t\t\t\t\t\t\t<div class=\"elementor-toggle\">\n\t\t\t\t\t\t\t<div class=\"elementor-toggle-item\">\n\t\t\t\t\t<div id=\"elementor-tab-title-1351\" class=\"elementor-tab-title\" data-tab=\"1\" role=\"button\" aria-controls=\"elementor-tab-content-1351\" aria-expanded=\"false\">\n\t\t\t\t\t\t\t\t\t\t\t\t<span class=\"elementor-toggle-icon elementor-toggle-icon-left\" aria-hidden=\"true\">\n\t\t\t\t\t\t\t\t\t\t\t\t\t\t\t<i class=\"elementor-toggle-icon-closed fa fa-caret-right\"><\/i>\n\t\t\t\t\t\t\t\t<i class=\"elementor-toggle-icon-opened fa fa-caret-up\"><\/i>\n\t\t\t\t\t\t\t\t\t\t\t\t\t<\/span>\n\t\t\t\t\t\t\t\t\t\t\t\t<a class=\"elementor-toggle-title\" tabindex=\"0\">SAIBA MAIS...<\/a>\n\t\t\t\t\t<\/div>\n\n\t\t\t\t\t<div id=\"elementor-tab-content-1351\" class=\"elementor-tab-content elementor-clearfix\" data-tab=\"1\" role=\"region\" aria-labelledby=\"elementor-tab-title-1351\"><p style=\"text-align: justify;\"><span style=\"font-size: 18pt;\"><strong>Caixa Crhomis POS<\/strong><\/span><br \/>Permite a gest\u00e3o das vendas e controlo de stock.<\/p><p style=\"text-align: justify;\"><strong>Este sistema funciona:<\/strong><br \/><span style=\"font-size: 12pt;\">Com hardware adicional, com leitores\u00a0 de c\u00f3digos de barras, impressoras de bilhetes, e impressoras tradicionais para gerar a informat\u00e7\u00e3o dos produtos. Com este sistema diga adeus a calculadora as contas incorrectas, a contabilidade desorganizada.<\/span><\/p><\/div>\n\t\t\t\t<\/div>\n\t\t\t\t\t\t\t\t<\/div>\n\t\t\t\t\t\t<\/div>\n\t\t\t\t<\/div>\n\t\t\t\t\t<\/div>\n\t\t<\/div>\n\t\t\t\t<div class=\"elementor-column elementor-col-50 elementor-top-column elementor-element elementor-element-f071fad\" data-id=\"f071fad\" data-element_type=\"column\" data-e-type=\"column\">\n\t\t\t<div class=\"elementor-widget-wrap elementor-element-populated\">\n\t\t\t\t\t\t<div class=\"elementor-element elementor-element-22d04c0 elementor-widget elementor-widget-heading\" data-id=\"22d04c0\" data-element_type=\"widget\" data-e-type=\"widget\" data-widget_type=\"heading.default\">\n\t\t\t\t<div class=\"elementor-widget-container\">\n\t\t\t\t\t<h2 class=\"elementor-heading-title elementor-size-default\">Gest\u00e3o Escolar<\/h2>\t\t\t\t<\/div>\n\t\t\t\t<\/div>\n\t\t\t\t<div class=\"elementor-element elementor-element-a950310 elementor-widget elementor-widget-image\" data-id=\"a950310\" data-element_type=\"widget\" data-e-type=\"widget\" data-widget_type=\"image.default\">\n\t\t\t\t<div class=\"elementor-widget-container\">\n\t\t\t\t\t\t\t\t\t\t\t\t\t\t\t<img decoding=\"async\" src=\"https:\/\/possoftservice.net\/wp-content\/uploads\/elementor\/thumbs\/crianca-nya8k82xah7runa8oz34vsplqpuchyak7gnqodo4qw.jpg\" title=\"crianca\" alt=\"gestao escolar\" loading=\"lazy\" \/>\t\t\t\t\t\t\t\t\t\t\t\t\t\t\t<\/div>\n\t\t\t\t<\/div>\n\t\t\t\t<div class=\"elementor-element elementor-element-91f3940 elementor-widget elementor-widget-toggle\" data-id=\"91f3940\" data-element_type=\"widget\" data-e-type=\"widget\" data-widget_type=\"toggle.default\">\n\t\t\t\t<div class=\"elementor-widget-container\">\n\t\t\t\t\t\t\t<div class=\"elementor-toggle\">\n\t\t\t\t\t\t\t<div class=\"elementor-toggle-item\">\n\t\t\t\t\t<div id=\"elementor-tab-title-1531\" class=\"elementor-tab-title\" data-tab=\"1\" role=\"button\" aria-controls=\"elementor-tab-content-1531\" aria-expanded=\"false\">\n\t\t\t\t\t\t\t\t\t\t\t\t<span class=\"elementor-toggle-icon elementor-toggle-icon-left\" aria-hidden=\"true\">\n\t\t\t\t\t\t\t\t\t\t\t\t\t\t\t<i class=\"elementor-toggle-icon-closed fa fa-caret-right\"><\/i>\n\t\t\t\t\t\t\t\t<i class=\"elementor-toggle-icon-opened fa fa-caret-up\"><\/i>\n\t\t\t\t\t\t\t\t\t\t\t\t\t<\/span>\n\t\t\t\t\t\t\t\t\t\t\t\t<a class=\"elementor-toggle-title\" tabindex=\"0\">SAIBA MAIS...<\/a>\n\t\t\t\t\t<\/div>\n\n\t\t\t\t\t<div id=\"elementor-tab-content-1531\" class=\"elementor-tab-content elementor-clearfix\" data-tab=\"1\" role=\"region\" aria-labelledby=\"elementor-tab-title-1531\"><p><span style=\"font-size: 18pt;\"><strong>Ges\u00e3o\u00a0 Escolar<\/strong><\/span><br \/>Oferece todas as ferramentas necess\u00e1rias para a gest\u00e3o escolar em modo offline.<\/p><p><strong>Este sistema permite:<\/strong><\/p><ul><li>Controlar as inscri\u00e7\u00f5es dos alumos<\/li><li>Controlar os pagamentos dos alunos (Inscricao, mensalidade, multas, etc)<\/li><li>Disponibilizar informacao sobre o aproveitamento e comportamento de cada aluno registado<\/li><li>Gerar facturas individuais ou colectivas dos alunos (podem ser impressoras ou enviados aos encarregados de educacao)<\/li><\/ul><\/div>\n\t\t\t\t<\/div>\n\t\t\t\t\t\t\t\t<\/div>\n\t\t\t\t\t\t<\/div>\n\t\t\t\t<\/div>\n\t\t\t\t\t<\/div>\n\t\t<\/div>\n\t\t\t\t\t<\/div>\n\t\t<\/section>\n\t\t\t\t<section class=\"elementor-section elementor-top-section elementor-element elementor-element-d254862 elementor-section-stretched elementor-section-boxed elementor-section-height-default elementor-section-height-default\" data-id=\"d254862\" data-element_type=\"section\" data-e-type=\"section\" data-settings=\"{&quot;stretch_section&quot;:&quot;section-stretched&quot;}\">\n\t\t\t\t\t\t<div class=\"elementor-container elementor-column-gap-default\">\n\t\t\t\t\t<div class=\"elementor-column elementor-col-50 elementor-top-column elementor-element elementor-element-31bb465\" data-id=\"31bb465\" data-element_type=\"column\" data-e-type=\"column\">\n\t\t\t<div class=\"elementor-widget-wrap elementor-element-populated\">\n\t\t\t\t\t\t<div class=\"elementor-element elementor-element-fe4f5ea elementor-widget elementor-widget-heading\" data-id=\"fe4f5ea\" data-element_type=\"widget\" data-e-type=\"widget\" data-widget_type=\"heading.default\">\n\t\t\t\t<div class=\"elementor-widget-container\">\n\t\t\t\t\t<h2 class=\"elementor-heading-title elementor-size-default\">Gest\u00e3o de Clubes Desportivos<\/h2>\t\t\t\t<\/div>\n\t\t\t\t<\/div>\n\t\t\t\t<div class=\"elementor-element elementor-element-1dae817 elementor-widget elementor-widget-image\" data-id=\"1dae817\" data-element_type=\"widget\" data-e-type=\"widget\" data-widget_type=\"image.default\">\n\t\t\t\t<div class=\"elementor-widget-container\">\n\t\t\t\t\t\t\t\t\t\t\t\t\t\t\t<img decoding=\"async\" src=\"https:\/\/possoftservice.net\/wp-content\/uploads\/elementor\/thumbs\/campo-upxcf-nya4qmhtanigvp16go7r6h8jtasspvk345pkhlhl84.png\" title=\"campo upxcf\" alt=\"Gestao de Clubes Desportiva\" loading=\"lazy\" \/>\t\t\t\t\t\t\t\t\t\t\t\t\t\t\t<\/div>\n\t\t\t\t<\/div>\n\t\t\t\t<div class=\"elementor-element elementor-element-35bc671 elementor-widget elementor-widget-toggle\" data-id=\"35bc671\" data-element_type=\"widget\" data-e-type=\"widget\" data-widget_type=\"toggle.default\">\n\t\t\t\t<div class=\"elementor-widget-container\">\n\t\t\t\t\t\t\t<div class=\"elementor-toggle\">\n\t\t\t\t\t\t\t<div class=\"elementor-toggle-item\">\n\t\t\t\t\t<div id=\"elementor-tab-title-5631\" class=\"elementor-tab-title\" data-tab=\"1\" role=\"button\" aria-controls=\"elementor-tab-content-5631\" aria-expanded=\"false\">\n\t\t\t\t\t\t\t\t\t\t\t\t<span class=\"elementor-toggle-icon elementor-toggle-icon-left\" aria-hidden=\"true\">\n\t\t\t\t\t\t\t\t\t\t\t\t\t\t\t<i class=\"elementor-toggle-icon-closed fa fa-caret-right\"><\/i>\n\t\t\t\t\t\t\t\t<i class=\"elementor-toggle-icon-opened fa fa-caret-up\"><\/i>\n\t\t\t\t\t\t\t\t\t\t\t\t\t<\/span>\n\t\t\t\t\t\t\t\t\t\t\t\t<a class=\"elementor-toggle-title\" tabindex=\"0\">SAIBA MAIS...<\/a>\n\t\t\t\t\t<\/div>\n\n\t\t\t\t\t<div id=\"elementor-tab-content-5631\" class=\"elementor-tab-content elementor-clearfix\" data-tab=\"1\" role=\"region\" aria-labelledby=\"elementor-tab-title-5631\"><p style=\"text-align: justify;\"><span style=\"font-size: 18pt;\"><strong>Gest\u00e3o\u00a0 de Clubes Desportivas<\/strong><\/span><br \/>Oferece todas as ferramentas necess\u00e1rias para a gest\u00e3o desportiva em modo offline.<\/p><p style=\"text-align: justify;\"><strong>Este sistema permite a gestao de:<\/strong><\/p><ul><li style=\"text-align: justify;\">Equipamento desportivos<\/li><li style=\"text-align: justify;\">Edificios (Balnearios moveis e imoveis, sal\u00f5es, pistas, construc\u00e3o e manuntencao das instalacoes)<\/li><li style=\"text-align: justify;\">Informac\u00f5es sobre fornecedores<\/li><\/ul><\/div>\n\t\t\t\t<\/div>\n\t\t\t\t\t\t\t\t<\/div>\n\t\t\t\t\t\t<\/div>\n\t\t\t\t<\/div>\n\t\t\t\t\t<\/div>\n\t\t<\/div>\n\t\t\t\t<div class=\"elementor-column elementor-col-50 elementor-top-column elementor-element elementor-element-10b214b\" data-id=\"10b214b\" data-element_type=\"column\" data-e-type=\"column\">\n\t\t\t<div class=\"elementor-widget-wrap elementor-element-populated\">\n\t\t\t\t\t\t<div class=\"elementor-element elementor-element-92b559a elementor-widget elementor-widget-heading\" data-id=\"92b559a\" data-element_type=\"widget\" data-e-type=\"widget\" data-widget_type=\"heading.default\">\n\t\t\t\t<div class=\"elementor-widget-container\">\n\t\t\t\t\t<h2 class=\"elementor-heading-title elementor-size-default\">Gest\u00e3o de Impostos<\/h2>\t\t\t\t<\/div>\n\t\t\t\t<\/div>\n\t\t\t\t<div class=\"elementor-element elementor-element-763b204 elementor-widget elementor-widget-image\" data-id=\"763b204\" data-element_type=\"widget\" data-e-type=\"widget\" data-widget_type=\"image.default\">\n\t\t\t\t<div class=\"elementor-widget-container\">\n\t\t\t\t\t\t\t\t\t\t\t\t\t\t\t<img decoding=\"async\" width=\"750\" height=\"340\" src=\"https:\/\/possoftservice.net\/wp-content\/uploads\/2018\/10\/contribuintehoje-1024x464.png\" class=\"attachment-large size-large wp-image-817\" alt=\"Gestao de imposto\" srcset=\"https:\/\/possoftservice.net\/wp-content\/uploads\/2018\/10\/contribuintehoje-1024x464.png 1024w, https:\/\/possoftservice.net\/wp-content\/uploads\/2018\/10\/contribuintehoje-600x272.png 600w, https:\/\/possoftservice.net\/wp-content\/uploads\/2018\/10\/contribuintehoje-300x136.png 300w, https:\/\/possoftservice.net\/wp-content\/uploads\/2018\/10\/contribuintehoje-768x348.png 768w, https:\/\/possoftservice.net\/wp-content\/uploads\/2018\/10\/contribuintehoje.png 1599w\" sizes=\"(max-width: 750px) 100vw, 750px\" \/>\t\t\t\t\t\t\t\t\t\t\t\t\t\t\t<\/div>\n\t\t\t\t<\/div>\n\t\t\t\t<div class=\"elementor-element elementor-element-20ceb59 elementor-widget elementor-widget-toggle\" data-id=\"20ceb59\" data-element_type=\"widget\" data-e-type=\"widget\" data-widget_type=\"toggle.default\">\n\t\t\t\t<div class=\"elementor-widget-container\">\n\t\t\t\t\t\t\t<div class=\"elementor-toggle\">\n\t\t\t\t\t\t\t<div class=\"elementor-toggle-item\">\n\t\t\t\t\t<div id=\"elementor-tab-title-3441\" class=\"elementor-tab-title\" data-tab=\"1\" role=\"button\" aria-controls=\"elementor-tab-content-3441\" aria-expanded=\"false\">\n\t\t\t\t\t\t\t\t\t\t\t\t<span class=\"elementor-toggle-icon elementor-toggle-icon-left\" aria-hidden=\"true\">\n\t\t\t\t\t\t\t\t\t\t\t\t\t\t\t<i class=\"elementor-toggle-icon-closed fa fa-caret-right\"><\/i>\n\t\t\t\t\t\t\t\t<i class=\"elementor-toggle-icon-opened fa fa-caret-up\"><\/i>\n\t\t\t\t\t\t\t\t\t\t\t\t\t<\/span>\n\t\t\t\t\t\t\t\t\t\t\t\t<a class=\"elementor-toggle-title\" tabindex=\"0\">SAIBA MAIS...<\/a>\n\t\t\t\t\t<\/div>\n\n\t\t\t\t\t<div id=\"elementor-tab-content-3441\" class=\"elementor-tab-content elementor-clearfix\" data-tab=\"1\" role=\"region\" aria-labelledby=\"elementor-tab-title-3441\"><p style=\"text-align: justify;\"><span style=\"font-size: 18pt;\"><strong>Gest\u00e3o de Impostos<\/strong><\/span><br \/>\u00c9 um software capaz de fazer a gest\u00e3o dos contribuintes de determinado munic\u00edpio.<\/p><p style=\"text-align: justify;\"><strong>Com este software podemos:<\/strong><br \/>Fazer o registo dos contribuintes, direccionar e calcular o montante a ser pago em determinado imposto ou taxa por cada contribuinte, emitir os avisos de conbranca, efectuar e controlar os pagamentos e emitir relatorios de todas actividades.<\/p><\/div>\n\t\t\t\t<\/div>\n\t\t\t\t\t\t\t\t<\/div>\n\t\t\t\t\t\t<\/div>\n\t\t\t\t<\/div>\n\t\t\t\t\t<\/div>\n\t\t<\/div>\n\t\t\t\t\t<\/div>\n\t\t<\/section>\n\t\t\t\t<section class=\"elementor-section elementor-top-section elementor-element elementor-element-9100783 elementor-section-stretched elementor-section-boxed elementor-section-height-default elementor-section-height-default\" data-id=\"9100783\" data-element_type=\"section\" data-e-type=\"section\" data-settings=\"{&quot;stretch_section&quot;:&quot;section-stretched&quot;}\">\n\t\t\t\t\t\t<div class=\"elementor-container elementor-column-gap-default\">\n\t\t\t\t\t<div class=\"elementor-column elementor-col-50 elementor-top-column elementor-element elementor-element-05c4071\" data-id=\"05c4071\" data-element_type=\"column\" data-e-type=\"column\">\n\t\t\t<div class=\"elementor-widget-wrap elementor-element-populated\">\n\t\t\t\t\t\t<div class=\"elementor-element elementor-element-5663541 elementor-widget elementor-widget-heading\" data-id=\"5663541\" data-element_type=\"widget\" data-e-type=\"widget\" data-widget_type=\"heading.default\">\n\t\t\t\t<div class=\"elementor-widget-container\">\n\t\t\t\t\t<h2 class=\"elementor-heading-title elementor-size-default\">CControlo de Stock<\/h2>\t\t\t\t<\/div>\n\t\t\t\t<\/div>\n\t\t\t\t<div class=\"elementor-element elementor-element-0112d2c elementor-widget elementor-widget-image\" data-id=\"0112d2c\" data-element_type=\"widget\" data-e-type=\"widget\" data-widget_type=\"image.default\">\n\t\t\t\t<div class=\"elementor-widget-container\">\n\t\t\t\t\t\t\t\t\t\t\t\t\t\t\t<img decoding=\"async\" src=\"https:\/\/possoftservice.net\/wp-content\/uploads\/elementor\/thumbs\/controlestockhoje-nya4qq961znm64vpupu9ggae6ua9knz0gobiepc0j8.png\" title=\"controlestockhoje\" alt=\"Controle de Stock\" loading=\"lazy\" \/>\t\t\t\t\t\t\t\t\t\t\t\t\t\t\t<\/div>\n\t\t\t\t<\/div>\n\t\t\t\t<div class=\"elementor-element elementor-element-a0dec1d elementor-widget elementor-widget-toggle\" data-id=\"a0dec1d\" data-element_type=\"widget\" data-e-type=\"widget\" data-widget_type=\"toggle.default\">\n\t\t\t\t<div class=\"elementor-widget-container\">\n\t\t\t\t\t\t\t<div class=\"elementor-toggle\">\n\t\t\t\t\t\t\t<div class=\"elementor-toggle-item\">\n\t\t\t\t\t<div id=\"elementor-tab-title-1681\" class=\"elementor-tab-title\" data-tab=\"1\" role=\"button\" aria-controls=\"elementor-tab-content-1681\" aria-expanded=\"false\">\n\t\t\t\t\t\t\t\t\t\t\t\t<span class=\"elementor-toggle-icon elementor-toggle-icon-left\" aria-hidden=\"true\">\n\t\t\t\t\t\t\t\t\t\t\t\t\t\t\t<i class=\"elementor-toggle-icon-closed fa fa-caret-right\"><\/i>\n\t\t\t\t\t\t\t\t<i class=\"elementor-toggle-icon-opened fa fa-caret-up\"><\/i>\n\t\t\t\t\t\t\t\t\t\t\t\t\t<\/span>\n\t\t\t\t\t\t\t\t\t\t\t\t<a class=\"elementor-toggle-title\" tabindex=\"0\">SAIBA MAIS...<\/a>\n\t\t\t\t\t<\/div>\n\n\t\t\t\t\t<div id=\"elementor-tab-content-1681\" class=\"elementor-tab-content elementor-clearfix\" data-tab=\"1\" role=\"region\" aria-labelledby=\"elementor-tab-title-1681\"><p style=\"text-align: justify;\"><span style=\"font-size: 18pt;\"><strong>Controlo de Stock<\/strong><\/span><br \/>Oferece todas as ferramentas necess\u00e1rias para a gest\u00e3o desportiva em modo offline.<\/p><p style=\"text-align: justify;\"><strong>Este sistema permite:<br \/><\/strong><\/p><ul style=\"list-style-type: disc;\"><li>Registar todos itens de seu stock<\/li><li>Controlar e mensurar a quantidade das saidas<\/li><li>Fazer o calculo real do stock existente<\/li><li>Emitir o historico dos movimentos realizados<\/li><\/ul><\/div>\n\t\t\t\t<\/div>\n\t\t\t\t\t\t\t\t<\/div>\n\t\t\t\t\t\t<\/div>\n\t\t\t\t<\/div>\n\t\t\t\t\t<\/div>\n\t\t<\/div>\n\t\t\t\t<div class=\"elementor-column elementor-col-50 elementor-top-column elementor-element elementor-element-0182a05\" data-id=\"0182a05\" data-element_type=\"column\" data-e-type=\"column\">\n\t\t\t<div class=\"elementor-widget-wrap elementor-element-populated\">\n\t\t\t\t\t\t<div class=\"elementor-element elementor-element-75c3612 elementor-widget elementor-widget-heading\" data-id=\"75c3612\" data-element_type=\"widget\" data-e-type=\"widget\" data-widget_type=\"heading.default\">\n\t\t\t\t<div class=\"elementor-widget-container\">\n\t\t\t\t\t<h2 class=\"elementor-heading-title elementor-size-default\">Gest\u00e3o de Biblioteca<\/h2>\t\t\t\t<\/div>\n\t\t\t\t<\/div>\n\t\t\t\t<div class=\"elementor-element elementor-element-8b8ef17 elementor-widget elementor-widget-image\" data-id=\"8b8ef17\" data-element_type=\"widget\" data-e-type=\"widget\" data-widget_type=\"image.default\">\n\t\t\t\t<div class=\"elementor-widget-container\">\n\t\t\t\t\t\t\t\t\t\t\t\t\t\t\t<img decoding=\"async\" width=\"750\" height=\"381\" src=\"https:\/\/possoftservice.net\/wp-content\/uploads\/2018\/10\/openbibl-1024x520.png\" class=\"attachment-large size-large wp-image-820\" alt=\"gestao de bliblioteca\" srcset=\"https:\/\/possoftservice.net\/wp-content\/uploads\/2018\/10\/openbibl-1024x520.png 1024w, https:\/\/possoftservice.net\/wp-content\/uploads\/2018\/10\/openbibl-600x305.png 600w, https:\/\/possoftservice.net\/wp-content\/uploads\/2018\/10\/openbibl-300x152.png 300w, https:\/\/possoftservice.net\/wp-content\/uploads\/2018\/10\/openbibl-768x390.png 768w, https:\/\/possoftservice.net\/wp-content\/uploads\/2018\/10\/openbibl.png 1581w\" sizes=\"(max-width: 750px) 100vw, 750px\" \/>\t\t\t\t\t\t\t\t\t\t\t\t\t\t\t<\/div>\n\t\t\t\t<\/div>\n\t\t\t\t<div class=\"elementor-element elementor-element-ab5b732 elementor-widget elementor-widget-toggle\" data-id=\"ab5b732\" data-element_type=\"widget\" data-e-type=\"widget\" data-widget_type=\"toggle.default\">\n\t\t\t\t<div class=\"elementor-widget-container\">\n\t\t\t\t\t\t\t<div class=\"elementor-toggle\">\n\t\t\t\t\t\t\t<div class=\"elementor-toggle-item\">\n\t\t\t\t\t<div id=\"elementor-tab-title-1791\" class=\"elementor-tab-title\" data-tab=\"1\" role=\"button\" aria-controls=\"elementor-tab-content-1791\" aria-expanded=\"false\">\n\t\t\t\t\t\t\t\t\t\t\t\t<span class=\"elementor-toggle-icon elementor-toggle-icon-left\" aria-hidden=\"true\">\n\t\t\t\t\t\t\t\t\t\t\t\t\t\t\t<i class=\"elementor-toggle-icon-closed fa fa-caret-right\"><\/i>\n\t\t\t\t\t\t\t\t<i class=\"elementor-toggle-icon-opened fa fa-caret-up\"><\/i>\n\t\t\t\t\t\t\t\t\t\t\t\t\t<\/span>\n\t\t\t\t\t\t\t\t\t\t\t\t<a class=\"elementor-toggle-title\" tabindex=\"0\">SAIBA MAIS...<\/a>\n\t\t\t\t\t<\/div>\n\n\t\t\t\t\t<div id=\"elementor-tab-content-1791\" class=\"elementor-tab-content elementor-clearfix\" data-tab=\"1\" role=\"region\" aria-labelledby=\"elementor-tab-title-1791\"><p style=\"text-align: justify;\"><span style=\"font-size: 18pt;\"><strong>Gest\u00e3o de Biblioteca<\/strong><\/span><br \/>Oferece todas as ferramentas necess\u00e1rias para a gest\u00e3o de stock em modo offline.<\/p><p style=\"text-align: justify;\"><strong>Com este software consegue-se:<\/strong><br \/>Efectuar o registo de todo o material existente na biblioteca e gerir suas saidas, garantindo desta forma o maior controlo dos mesmos.<\/p><\/div>\n\t\t\t\t<\/div>\n\t\t\t\t\t\t\t\t<\/div>\n\t\t\t\t\t\t<\/div>\n\t\t\t\t<\/div>\n\t\t\t\t\t<\/div>\n\t\t<\/div>\n\t\t\t\t\t<\/div>\n\t\t<\/section>\n\t\t\t\t<\/div>\n\t\t","protected":false},"excerpt":{"rendered":"<p>Alguns dos Nossos Sistemas Caixa chromis POS SAIBA MAIS&#8230; Caixa Crhomis POSPermite a gest\u00e3o das vendas e controlo de stock. Este sistema funciona:Com hardware adicional, com leitores\u00a0 de c\u00f3digos de barras, impressoras de bilhetes, e impressoras tradicionais para gerar a informat\u00e7\u00e3o dos produtos. Com este sistema diga adeus a calculadora [&hellip;]<\/p>\n","protected":false},"author":4,"featured_media":0,"parent":0,"menu_order":0,"comment_status":"closed","ping_status":"closed","template":"","meta":{"footnotes":""},"class_list":["post-810","page","type-page","status-publish","hentry"],"_links":{"self":[{"href":"https:\/\/possoftservice.net\/index.php?rest_route=\/wp\/v2\/pages\/810","targetHints":{"allow":["GET"]}}],"collection":[{"href":"https:\/\/possoftservice.net\/index.php?rest_route=\/wp\/v2\/pages"}],"about":[{"href":"https:\/\/possoftservice.net\/index.php?rest_route=\/wp\/v2\/types\/page"}],"author":[{"embeddable":true,"href":"https:\/\/possoftservice.net\/index.php?rest_route=\/wp\/v2\/users\/4"}],"replies":[{"embeddable":true,"href":"https:\/\/possoftservice.net\/index.php?rest_route=%2Fwp%2Fv2%2Fcomments&post=810"}],"version-history":[{"count":32,"href":"https:\/\/possoftservice.net\/index.php?rest_route=\/wp\/v2\/pages\/810\/revisions"}],"predecessor-version":[{"id":861,"href":"https:\/\/possoftservice.net\/index.php?rest_route=\/wp\/v2\/pages\/810\/revisions\/861"}],"wp:attachment":[{"href":"https:\/\/possoftservice.net\/index.php?rest_route=%2Fwp%2Fv2%2Fmedia&parent=810"}],"curies":[{"name":"wp","href":"https:\/\/api.w.org\/{rel}","templated":true}]}}