{"id":789,"date":"2018-10-26T15:32:52","date_gmt":"2018-10-26T13:32:52","guid":{"rendered":"https:\/\/possoftservice.net\/?page_id=789"},"modified":"2019-02-01T13:45:55","modified_gmt":"2019-02-01T11:45:55","slug":"quem-somos","status":"publish","type":"page","link":"https:\/\/possoftservice.net\/?page_id=789","title":{"rendered":"Quem-Somos"},"content":{"rendered":"<h2>Quem Somos<\/h2>\n<h2>POSsoft Multiservice<\/h2>\n<p>A POSsoft Multiservice \u00e9 uma empresa que desenvolve, instala e efectua manunten\u00e7\u00e3o de Softwares de Gest\u00e3o modulare e personalizados.<\/p>\n<p><strong>O nosso diferencial:<\/strong><br \/>\n<strong>&#8211; Adequamos solu\u00e7\u00f5es a medida do cliente.<\/strong><br \/>\n<strong>&#8211; Disponibilizamos pacotes modulares e personalizados.<\/strong><br \/>\n<strong>&#8211; Softwares criados localmente, 100% Mo\u00e7ambicanos.<\/strong><br \/>\n<strong>Pre\u00e7os atrativos.<\/strong><\/p>\n<p><strong>Os nosssos servi\u00e7os s<\/strong><strong>\u00e3o adequados para:<\/strong><br \/>\nTodos os tipos de neg\u00f3cio desde estabelecimento de vendas, clinicas, restaurantes, sal\u00e3o de cabelereiro, instituic\u00f5es de ensino, desporto, eventos, ONG&#8217;s, entre outros.<\/p>\n<p><img decoding=\"async\" src=\"https:\/\/possoftservice.net\/wp-content\/uploads\/elementor\/thumbs\/Quem-somos-nyo5tlnfyfgvl110d1zozpg6839r0n2069571iu3zg.png\" title=\"Quem somos\" alt=\"Quem somos\"><\/p>\n","protected":false},"excerpt":{"rendered":"<p>Quem Somos POSsoft Multiservice A POSsoft Multiservice \u00e9 uma empresa que desenvolve, instala e efectua manunten\u00e7\u00e3o de Softwares de Gest\u00e3o modulare e personalizados. O nosso diferencial: &#8211; Adequamos solu\u00e7\u00f5es a medida do cliente. &#8211; Disponibilizamos pacotes modulares e personalizados. &#8211; Softwares criados localmente, 100% Mo\u00e7ambicanos. Pre\u00e7os atrativos. Os nosssos servi\u00e7os [&hellip;]<\/p>\n","protected":false},"author":4,"featured_media":0,"parent":0,"menu_order":0,"comment_status":"closed","ping_status":"closed","template":"","meta":{"footnotes":""},"class_list":["post-789","page","type-page","status-publish","hentry"],"_links":{"self":[{"href":"https:\/\/possoftservice.net\/index.php?rest_route=\/wp\/v2\/pages\/789","targetHints":{"allow":["GET"]}}],"collection":[{"href":"https:\/\/possoftservice.net\/index.php?rest_route=\/wp\/v2\/pages"}],"about":[{"href":"https:\/\/possoftservice.net\/index.php?rest_route=\/wp\/v2\/types\/page"}],"author":[{"embeddable":true,"href":"https:\/\/possoftservice.net\/index.php?rest_route=\/wp\/v2\/users\/4"}],"replies":[{"embeddable":true,"href":"https:\/\/possoftservice.net\/index.php?rest_route=%2Fwp%2Fv2%2Fcomments&post=789"}],"version-history":[{"count":17,"href":"https:\/\/possoftservice.net\/index.php?rest_route=\/wp\/v2\/pages\/789\/revisions"}],"predecessor-version":[{"id":911,"href":"https:\/\/possoftservice.net\/index.php?rest_route=\/wp\/v2\/pages\/789\/revisions\/911"}],"wp:attachment":[{"href":"https:\/\/possoftservice.net\/index.php?rest_route=%2Fwp%2Fv2%2Fmedia&parent=789"}],"curies":[{"name":"wp","href":"https:\/\/api.w.org\/{rel}","templated":true}]}}