{"id":112,"date":"2015-11-11T18:43:02","date_gmt":"2015-11-11T16:43:02","guid":{"rendered":"https:\/\/posfacil.net\/?page_id=112"},"modified":"2018-10-16T13:58:48","modified_gmt":"2018-10-16T11:58:48","slug":"clubes","status":"publish","type":"page","link":"https:\/\/possoftservice.net\/?page_id=112","title":{"rendered":"Uma solu\u00e7\u00e3o \u00e1 sua medida"},"content":{"rendered":"<p><a href=\"https:\/\/possoftservice.net\/wp-content\/uploads\/2018\/09\/7.jpg\"><img fetchpriority=\"high\" decoding=\"async\" class=\"alignnone  wp-image-681\" src=\"https:\/\/possoftservice.net\/wp-content\/uploads\/2018\/09\/7-232x300.jpg\" alt=\"\" width=\"801\" height=\"1036\" srcset=\"https:\/\/possoftservice.net\/wp-content\/uploads\/2018\/09\/7-232x300.jpg 232w, https:\/\/possoftservice.net\/wp-content\/uploads\/2018\/09\/7-600x776.jpg 600w, https:\/\/possoftservice.net\/wp-content\/uploads\/2018\/09\/7-768x993.jpg 768w, https:\/\/possoftservice.net\/wp-content\/uploads\/2018\/09\/7-792x1024.jpg 792w, https:\/\/possoftservice.net\/wp-content\/uploads\/2018\/09\/7-800x1034.jpg 800w, https:\/\/possoftservice.net\/wp-content\/uploads\/2018\/09\/7.jpg 850w\" sizes=\"(max-width: 801px) 100vw, 801px\" \/><\/a><\/p>\n","protected":false},"excerpt":{"rendered":"","protected":false},"author":1,"featured_media":0,"parent":0,"menu_order":0,"comment_status":"closed","ping_status":"closed","template":"","meta":{"footnotes":""},"class_list":["post-112","page","type-page","status-publish","hentry"],"_links":{"self":[{"href":"https:\/\/possoftservice.net\/index.php?rest_route=\/wp\/v2\/pages\/112","targetHints":{"allow":["GET"]}}],"collection":[{"href":"https:\/\/possoftservice.net\/index.php?rest_route=\/wp\/v2\/pages"}],"about":[{"href":"https:\/\/possoftservice.net\/index.php?rest_route=\/wp\/v2\/types\/page"}],"author":[{"embeddable":true,"href":"https:\/\/possoftservice.net\/index.php?rest_route=\/wp\/v2\/users\/1"}],"replies":[{"embeddable":true,"href":"https:\/\/possoftservice.net\/index.php?rest_route=%2Fwp%2Fv2%2Fcomments&post=112"}],"version-history":[{"count":14,"href":"https:\/\/possoftservice.net\/index.php?rest_route=\/wp\/v2\/pages\/112\/revisions"}],"predecessor-version":[{"id":753,"href":"https:\/\/possoftservice.net\/index.php?rest_route=\/wp\/v2\/pages\/112\/revisions\/753"}],"wp:attachment":[{"href":"https:\/\/possoftservice.net\/index.php?rest_route=%2Fwp%2Fv2%2Fmedia&parent=112"}],"curies":[{"name":"wp","href":"https:\/\/api.w.org\/{rel}","templated":true}]}}